{"id":3633,"date":"2025-07-23T11:44:08","date_gmt":"2025-07-23T09:44:08","guid":{"rendered":"https:\/\/mero.de\/?page_id=3633"},"modified":"2025-07-24T15:17:26","modified_gmt":"2025-07-24T13:17:26","slug":"declaration-on-accessibility","status":"publish","type":"page","link":"https:\/\/mero.de\/en\/declaration-on-accessibility\/","title":{"rendered":"Declaration on accessibility"},"content":{"rendered":"\t\t<div data-elementor-type=\"wp-page\" data-elementor-id=\"3633\" class=\"elementor elementor-3633 elementor-2907\" data-elementor-post-type=\"page\">\n\t\t\t\t<div class=\"elementor-element elementor-element-37c77f8 e-flex e-con-boxed e-con e-parent\" data-id=\"37c77f8\" data-element_type=\"container\" data-e-type=\"container\" data-settings=\"{&quot;background_background&quot;:&quot;classic&quot;}\">\n\t\t\t\t\t<div class=\"e-con-inner\">\n\t\t\t\t<div class=\"elementor-element elementor-element-614ed33 elementor-widget elementor-widget-heading\" data-id=\"614ed33\" data-element_type=\"widget\" data-e-type=\"widget\" data-widget_type=\"heading.default\">\n\t\t\t\t<div class=\"elementor-widget-container\">\n\t\t\t\t\t<h2 class=\"elementor-heading-title elementor-size-default\">MERO-TSK International GmbH &amp; Co KG\n<\/h2>\t\t\t\t<\/div>\n\t\t\t\t<\/div>\n\t\t\t\t<div class=\"elementor-element elementor-element-3ddb1ad elementor-widget elementor-widget-heading\" data-id=\"3ddb1ad\" data-element_type=\"widget\" data-e-type=\"widget\" data-widget_type=\"heading.default\">\n\t\t\t\t<div class=\"elementor-widget-container\">\n\t\t\t\t\t<h1 class=\"elementor-heading-title elementor-size-default\">Declaration on accessibility<\/h1>\t\t\t\t<\/div>\n\t\t\t\t<\/div>\n\t\t\t\t<div class=\"elementor-element elementor-element-9a28c7a elementor-widget elementor-widget-text-editor\" data-id=\"9a28c7a\" data-element_type=\"widget\" data-e-type=\"widget\" data-widget_type=\"text-editor.default\">\n\t\t\t\t<div class=\"elementor-widget-container\">\n\t\t\t\t\t\t\t\t\t<div class=\"elementor-element elementor-element-fea9cb3 elementor-widget elementor-widget-html\" data-id=\"fea9cb3\" data-element_type=\"widget\" data-widget_type=\"html.default\"><div class=\"elementor-widget-container\"><p><strong>Accessibility declaration for mero.de<\/strong><br>Mero strives to make its online services accessible to all users. With the entry into force of the Barrierefreiheitsst\u00e4rkungsgesetz (BFSG) on June 28, 2025, we are committed to meeting the requirements for digital accessibility. <\/p><h2>Scope of application<\/h2><p>This accessibility statement applies to the above-mentioned website. As our website integrates digital services in the area of electronic commerce, it is subject to the provisions of the BFSG. <\/p><h2>Accessibility status<\/h2><p>This website is partially compliant with the national legislation implementing Directive (EU) 2019\/882 of the European Parliament and of the Council (Barrierefreiheitsst\u00e4rkungsgesetz &#8211; BFSG). Full conformity with the requirements of the Web Content Accessibility Guidelines (WCAG) 2.1 at conformity level AA is aimed for. <\/p><h2>Non-accessible content<\/h2><p>We are constantly striving to improve the compatibility of our website with digital accessibility requirements. The opportunity to give us feedback also serves this goal. The review of compliance with the requirements is based on a self-assessment. According to this self-assessment, the website is not fully compliant with the aforementioned requirements. We are actively working to remove further barriers. The content listed below is currently not accessible or only partially accessible:     <\/p><ul><li>In some cases, content cannot be fully perceived by people who are blind or have poor eyesight, for example because alternative texts for images are missing or insufficient. Even for users who are color-blind, certain content may not be easily recognizable due to insufficient color contrasts. Text is not always sufficiently easy to perceive, and the complexity of images and videos that visualize text information can be a barrier.  <\/li><li>Some elements are not accessible and cannot be operated using the keyboard, or there are no clear visual focus indicators to show which element is currently active. This makes navigation difficult for users who cannot use a mouse. <\/li><li>Optimizations are still needed for reading aloud by appropriate software and for users of assistive technologies in general, as the semantic structure is not always optimal or the HTML lang attribute is missing. Some headings and texts are not clearly understandable for everyone, and not all content is offered as an alternative in plain language. <\/li><li>Embedded content from third-party providers (e.g. social media integrations or external plugins) may not be completely barrier-free, over which we have only limited influence.<\/li><\/ul><p>We would like to point out that we are constantly striving for accessibility. Due to the large number of pages or human error, problems may occasionally occur. We apologize for any inconvenience and ask you to report it to us.  <\/p><h2>Preparation of this declaration<\/h2><p>This declaration was created on July 23, 2025. The accessibility status of the website was assessed by means of a self-assessment based on the information provided and the Web Content Accessibility Guidelines (WCAG) 2.1 AA. <\/p><h2>Feedback and contact<\/h2><p>If you notice any deficiencies with regard to the accessibility of our website or if you require information that is not accessible without barriers, please feel free to contact us. We will endeavor to process your inquiries as quickly as possible and continuously improve the accessibility of our website. <\/p><p>MERO-TSK International GmbH &amp; Co. KG W\u00fcrzburg<br>Max-Mengeringhausen-Str. 5<br>97084 W\u00fcrzburg<\/p><p>Commercial register: HRA 5575<br>Register court: W\u00fcrzburg<\/p><p><strong>Represented by:<\/strong><br>MERO-TSK W\u00fcrzburg Beteiligungs-GmbH<br>Max-Mengeringhausen-Str. 5<br>97084 W\u00fcrzburg<\/p><p>Represented by:<br>G\u00fcnther Tr\u00f6ster<\/p><p>Commercial register: HRB 8594<br>Register court: W\u00fcrzburg<\/p><h2>Contact us<\/h2><p>Phone: 00 49 \/ 931 \/ 66 70 &#8211; 0<br>Fax: 00 49 \/ 931 \/ 66 70 &#8211; 409<br>E-mail: info@mero.de<\/p><h2>Enforcement proceedings<\/h2><p>As part of an enforcement procedure, you have the option of submitting an online application to the State Office for Digitization, Broadband and Surveying to check compliance with accessibility requirements.<\/p><p><strong>Contact details of the enforcement body:<\/strong><br>Landesamt f\u00fcr Digitalisierung, Breitband und Vermessung<br>IT-Dienstleistungszentrum des Freistaats Bayern<br>Durchsetzungs- und \u00dcberwachungsstelle f\u00fcr barrierefreie Informationstechnik<br>St.-Martin-Stra\u00dfe 47<br>81541 M\u00fcnchen<\/p><p>E-mail: <a href=\"mailto:bitv@bayern.de\">bitv@bayern.de<\/a><br>Website of the enforcement and monitoring body: <a href=\"https:\/\/www.ldbv.bayern.de\/digitalisierung\/bitv.html\" target=\"_blank\" rel=\"noopener noreferrer\">https:\/\/www.ldbv.bayern.de\/digitalisierung\/bitv.html<\/a><\/p><h2>Further information:<\/h2><p>Further information on the topic of accessibility in information technology can also be found on the website of the Federal Accessibility Agency, available at:<br><a href=\"https:\/\/www.bundesfachstelle-barrierefreiheit.de\/DE\/Fachwissen\/Informationstechnik\/informationstechnik_node.html\" target=\"_blank\" rel=\"noopener noreferrer\">https:\/\/www.bundesfachstelle-barrierefreiheit.de\/DE\/Fachwissen\/Informationstechnik\/informationstechnik_node.html<\/a>.<\/p><p>Date of last update: July 23, 2025<\/p><\/div><\/div>\t\t\t\t\t\t\t\t<\/div>\n\t\t\t\t<\/div>\n\t\t\t\t\t<\/div>\n\t\t\t\t<\/div>\n\t\t\t\t<\/div>\n\t\t","protected":false},"excerpt":{"rendered":"<p>MERO-TSK International GmbH &amp; Co KG Declaration on accessibility Accessibility declaration for mero.deMero strives to make its online services accessible to all users. With the entry into force of the Barrierefreiheitsst\u00e4rkungsgesetz (BFSG) on June 28, 2025, we are committed to meeting the requirements for digital accessibility. Scope of application This accessibility statement applies to the [&hellip;]<\/p>\n","protected":false},"author":10,"featured_media":0,"parent":0,"menu_order":0,"comment_status":"closed","ping_status":"closed","template":"","meta":{"footnotes":""},"class_list":["post-3633","page","type-page","status-publish","hentry"],"_links":{"self":[{"href":"https:\/\/mero.de\/en\/wp-json\/wp\/v2\/pages\/3633","targetHints":{"allow":["GET"]}}],"collection":[{"href":"https:\/\/mero.de\/en\/wp-json\/wp\/v2\/pages"}],"about":[{"href":"https:\/\/mero.de\/en\/wp-json\/wp\/v2\/types\/page"}],"author":[{"embeddable":true,"href":"https:\/\/mero.de\/en\/wp-json\/wp\/v2\/users\/10"}],"replies":[{"embeddable":true,"href":"https:\/\/mero.de\/en\/wp-json\/wp\/v2\/comments?post=3633"}],"version-history":[{"count":0,"href":"https:\/\/mero.de\/en\/wp-json\/wp\/v2\/pages\/3633\/revisions"}],"wp:attachment":[{"href":"https:\/\/mero.de\/en\/wp-json\/wp\/v2\/media?parent=3633"}],"curies":[{"name":"wp","href":"https:\/\/api.w.org\/{rel}","templated":true}]}}